{"id":3,"date":"2023-05-11T10:04:55","date_gmt":"2023-05-11T10:04:55","guid":{"rendered":"https:\/\/alpha.pt\/?page_id=3"},"modified":"2023-05-23T11:43:44","modified_gmt":"2023-05-23T10:43:44","slug":"privacy-policy","status":"publish","type":"page","link":"https:\/\/alphabrand.pt\/en\/privacy-policy\/","title":{"rendered":"Privacy Policy"},"content":{"rendered":"<div class=\"wpb-content-wrapper\"><div class=\"vc_row wpb_row vc_row-fluid vc_custom_1684838622942\"><div class=\"wpb_column vc_column_container vc_col-sm-12\"><div class=\"vc_column-inner\"><div class=\"wpb_wrapper\">\n\t<div class=\"wpb_text_column wpb_content_element\" >\n\t\t<div class=\"wpb_wrapper\">\n\t\t\t<p><strong>POL\u00cdTICA DE PRIVACIDADE E PROTE\u00c7\u00c3O DE DADOS<\/strong><\/p>\n<p>A Alpha Brand \u00e9 uma ag\u00eancia de marketing digital e design, que preza a privacidade e preocupa-se com a forma como os dados pessoais dos seus clientes e trabalhadores s\u00e3o tratados.<\/p>\n<p>Recomendamos a leitura desta Pol\u00edtica de Privacidade e Protec\u00e7\u00e3o de Dados, tendo em aten\u00e7\u00e3o a data da vers\u00e3o apresentada, que podem sofrer altera\u00e7\u00f5es ao longo do tempo.<\/p>\n<p><strong>O respons\u00e1vel pelo tratamento<\/strong><\/p>\n<p>O respons\u00e1vel pelo tratamento dos seus dados pessoais \u00e9 a Alpha Brand com sede na Rua Gon\u00e7alo Nunes n.7 1400-185 Lisboa, e na presta\u00e7\u00e3o dos seus servi\u00e7os define quais os dados recolhidos, meios de tratamento e finalidades para os quais os dados s\u00e3o utilizados.<\/p>\n<p><strong>Que dados pessoais s\u00e3o recolhidos e tratados<\/strong><\/p>\n<p>Podemos recolher os seus dados pessoais durante a presta\u00e7\u00e3o dos nossos servi\u00e7os, atrav\u00e9s do uso do nosso website, ao contactar ou solicitar informa\u00e7\u00e3o sobre or\u00e7amentos, sobre a Alpha Brand e seus servi\u00e7os ou enquanto resultado dos contactos que possa manter com algum dos nossos colaboradores ou clientes, bem como atrav\u00e9s de eventuais processos de candidatura ou recrutamento.<\/p>\n<p>Os dados pessoais tratados pela Alpha Brand incluem:<\/p>\n<ul>\n<li>Dados de identifica\u00e7\u00e3o \u2013 Nome<\/li>\n<li>Dados de contacto \u2013 morada postal, endere\u00e7o de e-mail e n\u00fameros de telefone<\/li>\n<li>Dados fornecidos para o agendamento de reuni\u00f5es ou presen\u00e7a em eventos<\/li>\n<li>Outros dados pessoais obtidos pela Alpha Brand em nome pr\u00f3prio ou gerados pelos nossos clientes no \u00e2mbito da presta\u00e7\u00e3o dos nossos servi\u00e7os.<\/li>\n<\/ul>\n<p><strong>Como obtemos os dados pessoais<\/strong><\/p>\n<ul>\n<li>A recolha dos seus dados pode ser feita enquanto parte do procedimento de contrata\u00e7\u00e3o dos nossos servi\u00e7os, estendendo-se a terceiros quando necess\u00e1rio.<\/li>\n<li>Atrav\u00e9s do nosso website e comunica\u00e7\u00f5es eletr\u00f3nicas enviadas para a Alpha.<\/li>\n<\/ul>\n<p><strong>Finalidades do Tratamento<\/strong><\/p>\n<p>A Alpha Brand recolhe e trata os seus dados pessoais de v\u00e1rias formas, nomeadamente atrav\u00e9s do uso do nosso website e dos nossos servi\u00e7os.<\/p>\n<p>Utilizamos os seus dados:<\/p>\n<ul>\n<li>Para prestar os nossos servi\u00e7os, o que pode incluir o tratamento de dados pessoais de terceiros em nome dos nossos clientes<\/li>\n<li>Para disponibilizar informa\u00e7\u00e3o que nos solicite<\/li>\n<li>Na prossecu\u00e7\u00e3o das nossas obriga\u00e7\u00f5es legais<\/li>\n<\/ul>\n<p><strong>Com que fundamento utilizamos os seus dados pessoais<\/strong><\/p>\n<p>Utilizamos os seus dados pessoais com os seguintes fundamentos:<\/p>\n<ul>\n<li>Dilig\u00eancias pr\u00e9-contratuais, que precedam uma rela\u00e7\u00e3o comercial contratualmente regulada ou declara\u00e7\u00e3o da vontade negocial<\/li>\n<li>Cumprimento das obriga\u00e7\u00f5es decorrentes do contrato celebrado<\/li>\n<li>Para cumprir obriga\u00e7\u00f5es legais<\/li>\n<li>Para fins comerciais leg\u00edtimos<\/li>\n<li>Mediante o seu consentimento espec\u00edfico<\/li>\n<\/ul>\n<p><strong>Durante quanto tempo conservamos os dados pessoais<\/strong><strong>\u00a0<\/strong><\/p>\n<p>A Alpha Brand trata e conserva os dados enquanto:<\/p>\n<ul>\n<li>Se mantenha a finalidade inicial para a qual os dados foram recolhidos<\/li>\n<li>Pelo per\u00edodo em que mantiver uma rela\u00e7\u00e3o contratual consigo<\/li>\n<li>Durante os prazos definidos por lei.<\/li>\n<\/ul>\n<p><strong>Com quem partilhamos os seus dados pessoais<\/strong><\/p>\n<p>Podemos partilhar os seus dados pessoais com terceiros, de acordo com as disposi\u00e7\u00f5es contratuais em vigor, incluindo:<\/p>\n<ul>\n<li>Os nossos consultores e auditores profissionais<\/li>\n<li>Fornecedores com os quais a Alpha Brand subcontrata determinados servi\u00e7os<\/li>\n<li>Prestadores de servi\u00e7os de IT.<\/li>\n<\/ul>\n<p>Quando necess\u00e1rio, ou pelas raz\u00f5es expostas nesta pol\u00edtica, os dados pessoais tamb\u00e9m podem ser partilhados com autoridades reguladoras, tribunais e entidades oficiais.<\/p>\n<p>A Alpha Brand pode usar redes sociais como LinkedIn, Instagram e Facebook. Se for utilizador destes servi\u00e7os, dever\u00e1 rever a pol\u00edtica de privacidade dos mesmos para obter mais informa\u00e7\u00f5es sobre como estes lidam com os seus dados pessoais.<\/p>\n<p><strong>Como protegemos os seus dados pessoais:<\/strong><\/p>\n<p>Utilizamos uma variedade de medidas de seguran\u00e7a para ajudar a proteger os seus dados pessoais contra a destrui\u00e7\u00e3o, a perda, a altera\u00e7\u00e3o, a divulga\u00e7\u00e3o e o acesso n\u00e3o autorizados, de acordo com as leis de prote\u00e7\u00e3o de dados aplic\u00e1veis.<\/p>\n<p><strong>Utiliza\u00e7\u00e3o de Cookies<\/strong><\/p>\n<p>Os \u201cCookies\u201d s\u00e3o ficheiros que s\u00e3o armazenados nos equipamentos de acesso atrav\u00e9s do navegador (browser), retendo apenas informa\u00e7\u00e3o relacionada com as prefer\u00eancias, n\u00e3o incluindo como tal, os dados pessoais. A utiliza\u00e7\u00e3o de cookies permite uma navega\u00e7\u00e3o mais eficiente.<\/p>\n<p>Utilizamos apenas os Cookies estritamente necess\u00e1rios para permitir uma eficiente consulta da nossa p\u00e1gina Web.<\/p>\n<p>Mais especificamente utilizamos:<\/p>\n<ul>\n<li>cookies anal\u00edticos<\/li>\n<li>cookies de funcionalidade<\/li>\n<\/ul>\n<p>Se pretender saber mais sobre cookies e como os pode configurar ou restringi-los no seu sistema, recomendamos a visita do site:\u00a0<a href=\"https:\/\/www.telecom.pt\/pt-pt\/Paginas\/gerir-cookies.aspx\">https:\/\/www.telecom.pt\/pt-pt\/Paginas\/gerir-cookies.aspx<\/a><\/p>\n<p><strong>Os seus direitos em rela\u00e7\u00e3o aos dados pessoais<\/strong><\/p>\n<p>O Regulamento Geral sobre Prote\u00e7\u00e3o de Dados e a Lei 58\/2019 atribuem um conjunto de direitos que os titulares podem exercer sobre determinadas condi\u00e7\u00f5es, como por exemplo:<\/p>\n<p><strong>Direito de Acesso<\/strong>\u00a0\u2013 direito a obter a confirma\u00e7\u00e3o de quais s\u00e3o os seus dados pessoais que s\u00e3o tratados e informa\u00e7\u00e3o sobre os mesmos, como por exemplo, quais as finalidades do tratamento ou quais os prazos de conserva\u00e7\u00e3o.<\/p>\n<p><strong>Direito de Retifica\u00e7\u00e3o \u2013<\/strong>\u00a0direito de solicitar a retifica\u00e7\u00e3o dos seus dados pessoais que se encontrem inexatos ou solicitar que os dados pessoais incompletos sejam completados, como por exemplo a morada, o NIF, o e-mail, os contactos telef\u00f3nicos, ou outros.<\/p>\n<p>O exerc\u00edcio dos direitos \u00e9 gratuito, exceto se se tratar de um pedido manifestamente infundado ou excessivo, caso em que poder\u00e1 ser cobrada uma taxa razo\u00e1vel tendo em conta os custos.<\/p>\n<p>Exer\u00e7a os seus direitos atrav\u00e9s do seguinte endere\u00e7o de correio eletr\u00f3nico:<br \/>\n<a href=\"mailto:privacy@alpha.pt\">privacy@alpha.pt\u00a0<\/a><\/p>\n<p>Actualizado em 10_\/09\/2021<\/p>\n<p>A Alpha Brand, reserva-se o direito de a qualquer altura, proceder a reajustamentos ou altera\u00e7\u00f5es \u00e0 presente Pol\u00edtica de Privacidade, sendo essas altera\u00e7\u00f5es devidamente publicitadas neste site.<\/p>\n\n\t\t<\/div>\n\t<\/div>\n<\/div><\/div><\/div><\/div>\n<\/div>","protected":false},"excerpt":{"rendered":"POL\u00cdTICA DE PRIVACIDADE E PROTE\u00c7\u00c3O DE DADOS A Alpha Brand \u00e9 uma ag\u00eancia de marketing digital e design, que preza a privacidade e preocupa-se com a forma como os dados pessoais dos seus clientes e trabalhadores s\u00e3o tratados. Recomendamos a leitura desta Pol\u00edtica de Privacidade e Protec\u00e7\u00e3o de Dados, tendo em aten\u00e7\u00e3o a data da&hellip;","protected":false},"author":1,"featured_media":0,"parent":0,"menu_order":0,"comment_status":"closed","ping_status":"open","template":"","meta":{"footnotes":""},"class_list":["post-3","page","type-page","status-publish","hentry","entry","no-media"],"_links":{"self":[{"href":"https:\/\/alphabrand.pt\/en\/wp-json\/wp\/v2\/pages\/3","targetHints":{"allow":["GET"]}}],"collection":[{"href":"https:\/\/alphabrand.pt\/en\/wp-json\/wp\/v2\/pages"}],"about":[{"href":"https:\/\/alphabrand.pt\/en\/wp-json\/wp\/v2\/types\/page"}],"author":[{"embeddable":true,"href":"https:\/\/alphabrand.pt\/en\/wp-json\/wp\/v2\/users\/1"}],"replies":[{"embeddable":true,"href":"https:\/\/alphabrand.pt\/en\/wp-json\/wp\/v2\/comments?post=3"}],"version-history":[{"count":2,"href":"https:\/\/alphabrand.pt\/en\/wp-json\/wp\/v2\/pages\/3\/revisions"}],"predecessor-version":[{"id":7170,"href":"https:\/\/alphabrand.pt\/en\/wp-json\/wp\/v2\/pages\/3\/revisions\/7170"}],"wp:attachment":[{"href":"https:\/\/alphabrand.pt\/en\/wp-json\/wp\/v2\/media?parent=3"}],"curies":[{"name":"wp","href":"https:\/\/api.w.org\/{rel}","templated":true}]}}