{"id":7208,"date":"2023-05-23T15:26:20","date_gmt":"2023-05-23T14:26:20","guid":{"rendered":"https:\/\/alpha.pt\/?page_id=7208"},"modified":"2023-05-26T10:41:30","modified_gmt":"2023-05-26T09:41:30","slug":"proposta-design","status":"publish","type":"page","link":"https:\/\/alphabrand.pt\/en\/proposta-design\/","title":{"rendered":"Proposta Design"},"content":{"rendered":"<div class=\"wpb-content-wrapper\"><div data-vc-full-width=\"true\" data-vc-full-width-init=\"false\" data-vc-stretch-content=\"true\" class=\"vc_row wpb_row vc_row-fluid align-center vc_custom_1684852007917 vc_row-no-padding vc_row-o-content-middle vc_row-flex wpex-vc_row-has-fill wpex-vc-row-stretched\"><div class=\"wpb_column vc_column_container vc_col-sm-12 vc_col-lg-10 vc_col-md-12\"><div class=\"vc_column-inner\"><div class=\"wpb_wrapper\"><div class=\"vc_empty_space\"   style=\"height: 565px\"><span class=\"vc_empty_space_inner\"><\/span><\/div><\/div><\/div><\/div><\/div><div class=\"vc_row-full-width vc_clearfix\"><\/div><div data-vc-full-width=\"true\" data-vc-full-width-init=\"false\" data-vc-stretch-content=\"true\" class=\"vc_row wpb_row vc_row-fluid wpex-vc-row-stretched\"><div data-vc-parallax=\"1.5\" data-vc-parallax-image=\"https:\/\/alphabrand.pt\/wp-content\/uploads\/2023\/05\/bg-cinza11.svg\" class=\"wpb_column vc_column_container vc_col-sm-12 wpex-vc_col-has-fill vc_general vc_parallax vc_parallax-content-moving\"><div class=\"vc_column-inner\"><div class=\"wpb_wrapper\"><div class=\"vc_row wpb_row vc_inner vc_row-fluid vc_custom_1684853343489\"><div class=\"wpb_column vc_column_container vc_col-sm-4\"><div class=\"vc_column-inner\"><div class=\"wpb_wrapper\"><\/div><\/div><\/div><div class=\"wpb_column vc_column_container vc_col-sm-4\"><div class=\"vc_column-inner vc_custom_1474478996357\"><div class=\"wpb_wrapper\">\n\t<div class=\"wpb_text_column wpb_content_element\" >\n\t\t<div class=\"wpb_wrapper\">\n\t\t\t<h2 style=\"text-align: left; font-size: 28px;\">Bem-vindos!<\/h2>\n<p>Como combinado, pedimos que respondam \u00e0s quest\u00f5es abaixo de forma a podermos enviar uma proposta direcionada face ao pretendido.<\/p>\n<p>Notem por favor que este formul\u00e1rio \u00e9 um proforma e, como tal, algumas perguntas poder\u00e3o n\u00e3o fazer sentido no vosso contexto.<\/p>\n<p>Para al\u00e9m disso, nenhuma pergunta \u00e9 de resposta obrigat\u00f3ria. Pedimos apenas que partilhem connosco a informa\u00e7\u00e3o que vos faz sentido para que possamos conhecer o melhor poss\u00edvel as vossas expectativas. Sempre que n\u00e3o tiverem resposta avancem sem problema nenhum.<\/p>\n<p>Muito obrigado!<\/p>\n\n\t\t<\/div>\n\t<\/div>\n\n<div class=\"wpcf7 no-js\" id=\"wpcf7-f7212-o1\" lang=\"en-US\" dir=\"ltr\">\n<div class=\"screen-reader-response\"><p role=\"status\" aria-live=\"polite\" aria-atomic=\"true\"><\/p> <ul><\/ul><\/div>\n<form action=\"\/en\/wp-json\/wp\/v2\/pages\/7208#wpcf7-f7212-o1\" method=\"post\" class=\"wpcf7-form init\" aria-label=\"Contact form\" enctype=\"multipart\/form-data\" novalidate=\"novalidate\" data-status=\"init\" data-trp-original-action=\"\/en\/wp-json\/wp\/v2\/pages\/7208#wpcf7-f7212-o1\">\n<div style=\"display: none;\">\n<input type=\"hidden\" name=\"_wpcf7\" value=\"7212\" \/>\n<input type=\"hidden\" name=\"_wpcf7_version\" value=\"5.9.8\" \/>\n<input type=\"hidden\" name=\"_wpcf7_locale\" value=\"en_US\" \/>\n<input type=\"hidden\" name=\"_wpcf7_unit_tag\" value=\"wpcf7-f7212-o1\" \/>\n<input type=\"hidden\" name=\"_wpcf7_container_post\" value=\"0\" \/>\n<input type=\"hidden\" name=\"_wpcf7_posted_data_hash\" value=\"\" \/>\n<input type=\"hidden\" name=\"_wpcf7cf_hidden_group_fields\" value=\"[]\" \/>\n<input type=\"hidden\" name=\"_wpcf7cf_hidden_groups\" value=\"[]\" \/>\n<input type=\"hidden\" name=\"_wpcf7cf_visible_groups\" value=\"[]\" \/>\n<input type=\"hidden\" name=\"_wpcf7cf_repeaters\" value=\"[]\" \/>\n<input type=\"hidden\" name=\"_wpcf7cf_steps\" value=\"{}\" \/>\n<input type=\"hidden\" name=\"_wpcf7cf_options\" value=\"{&quot;form_id&quot;:7212,&quot;conditions&quot;:[{&quot;then_field&quot;:&quot;-1&quot;,&quot;and_rules&quot;:[{&quot;if_field&quot;:&quot;-1&quot;,&quot;operator&quot;:&quot;equals&quot;,&quot;if_value&quot;:&quot;Loja Online&quot;}]}],&quot;settings&quot;:{&quot;animation&quot;:&quot;yes&quot;,&quot;animation_intime&quot;:200,&quot;animation_outtime&quot;:200,&quot;conditions_ui&quot;:&quot;normal&quot;,&quot;notice_dismissed&quot;:false,&quot;notice_dismissed_rollback-cf7-5.7.6&quot;:true}}\" \/>\n<\/div>\n<h3>Dados de Contacto\n<\/h3>\n<div>\n\t<div style=\"display:inline-block; width:40%;\">\n\t\t<p><strong>Nome*<\/strong><span class=\"wpcf7-form-control-wrap\" data-name=\"text-991\"><input size=\"40\" maxlength=\"400\" class=\"wpcf7-form-control wpcf7-text wpcf7-validates-as-required\" aria-required=\"true\" aria-invalid=\"false\" value=\"\" type=\"text\" name=\"text-991\" \/><\/span>\n\t\t<\/p>\n\t<\/div>\n\t<div style=\"display:inline-block; width:44%; margin-left:10px;\">\n\t\t<p><strong>Email*<\/strong><span class=\"wpcf7-form-control-wrap\" data-name=\"email-905\"><input size=\"40\" maxlength=\"400\" class=\"wpcf7-form-control wpcf7-email wpcf7-validates-as-required wpcf7-text wpcf7-validates-as-email\" aria-required=\"true\" aria-invalid=\"false\" value=\"\" type=\"email\" name=\"email-905\" \/><\/span>\n\t\t<\/p>\n\t<\/div>\n<\/div>\n<h3>Branding\/Novo logo\n<\/h3>\n<p><label><strong>Qual o nome da marca?<\/strong><br \/>\n<span class=\"wpcf7-form-control-wrap\" data-name=\"text-928\"><input size=\"40\" maxlength=\"400\" class=\"wpcf7-form-control wpcf7-text\" aria-invalid=\"false\" value=\"\" type=\"text\" name=\"text-928\" \/><\/span><\/label>\n<\/p>\n<p><strong>Est\u00e1 registada?<\/strong><br \/>\n<span class=\"wpcf7-form-control-wrap\" data-name=\"checkbox-901\"><span class=\"wpcf7-form-control wpcf7-checkbox wpcf7-exclusive-checkbox\"><span class=\"wpcf7-list-item first\"><label><input type=\"checkbox\" name=\"checkbox-901\" value=\"Sim\" \/><span class=\"wpcf7-list-item-label\">Sim<\/span><\/label><\/span><span class=\"wpcf7-list-item last\"><label><input type=\"checkbox\" name=\"checkbox-901\" value=\"N\u00e3o\" \/><span class=\"wpcf7-list-item-label\">N\u00e3o<\/span><\/label><\/span><\/span><\/span>\n<\/p>\n<p><label><strong>Como descreveriam a empresa e\/ou produtos?<\/strong><br \/>\n<span class=\"wpcf7-form-control-wrap\" data-name=\"text-929\"><input size=\"40\" maxlength=\"400\" class=\"wpcf7-form-control wpcf7-text\" aria-invalid=\"false\" value=\"\" type=\"text\" name=\"text-929\" \/><\/span><\/label>\n<\/p>\n<p><label><strong> Quais s\u00e3o os objetivos da empresa a longo prazo?<\/strong><br \/>\n<span class=\"wpcf7-form-control-wrap\" data-name=\"text-930\"><input size=\"40\" maxlength=\"400\" class=\"wpcf7-form-control wpcf7-text\" aria-invalid=\"false\" value=\"\" type=\"text\" name=\"text-930\" \/><\/span><\/label>\n<\/p>\n<p><label><strong>Quais s\u00e3o os vossos principais concorrentes?<\/strong><br \/>\n<span class=\"wpcf7-form-control-wrap\" data-name=\"text-931\"><input size=\"40\" maxlength=\"400\" class=\"wpcf7-form-control wpcf7-text\" aria-invalid=\"false\" value=\"\" type=\"text\" name=\"text-931\" \/><\/span><\/label>\n<\/p>\n<p><label><strong>O que diferencia a empresa dos concorrentes?<\/strong><br \/>\n<span class=\"wpcf7-form-control-wrap\" data-name=\"text-932\"><input size=\"40\" maxlength=\"400\" class=\"wpcf7-form-control wpcf7-text\" aria-invalid=\"false\" value=\"\" type=\"text\" name=\"text-932\" \/><\/span><\/label>\n<\/p>\n<p><label><strong>Qual \u00e9 a faixa et\u00e1ria do p\u00fablico-alvo?<\/strong><br \/>\n<span class=\"wpcf7-form-control-wrap\" data-name=\"text-933\"><input size=\"40\" maxlength=\"400\" class=\"wpcf7-form-control wpcf7-text\" aria-invalid=\"false\" value=\"\" type=\"text\" name=\"text-933\" \/><\/span><\/label>\n<\/p>\n<p><label><strong>A empresa \u00e9 tradicional ou moderna?<\/strong><br \/>\n<span class=\"wpcf7-form-control-wrap\" data-name=\"text-934\"><input size=\"40\" maxlength=\"400\" class=\"wpcf7-form-control wpcf7-text\" aria-invalid=\"false\" value=\"\" type=\"text\" name=\"text-934\" \/><\/span><\/label>\n<\/p>\n<p><label><strong>A empresa tem um lema? Se sim, gostariam que fosse usado com o logo?<\/strong><br \/>\n<span class=\"wpcf7-form-control-wrap\" data-name=\"text-935\"><input size=\"40\" maxlength=\"400\" class=\"wpcf7-form-control wpcf7-text\" aria-invalid=\"false\" value=\"\" type=\"text\" name=\"text-935\" \/><\/span><\/label>\n<\/p>\n<p><label><strong>Qual o sentimento ou mensagem que gostariam de passar com o logo?<\/strong><br \/>\n<span class=\"wpcf7-form-control-wrap\" data-name=\"text-936\"><input size=\"40\" maxlength=\"400\" class=\"wpcf7-form-control wpcf7-text\" aria-invalid=\"false\" value=\"\" type=\"text\" name=\"text-936\" \/><\/span><\/label>\n<\/p>\n<p><label><strong> Caso se apliquem os diferentes neg\u00f3cios que det\u00eam t\u00eam logotipos associados? <\/strong><br \/>\n<span class=\"wpcf7-form-control-wrap\" data-name=\"text-937\"><input size=\"40\" maxlength=\"400\" class=\"wpcf7-form-control wpcf7-text\" aria-invalid=\"false\" value=\"\" type=\"text\" name=\"text-937\" \/><\/span><\/label>\n<\/p>\n<p><strong>Gostavam que houvesse um fio condutor entre o novo logo e os logotipos existentes\/das outras \u00e1reas?<\/strong><br \/>\n<span class=\"wpcf7-form-control-wrap\" data-name=\"checkbox-902\"><span class=\"wpcf7-form-control wpcf7-checkbox wpcf7-exclusive-checkbox\"><span class=\"wpcf7-list-item first\"><label><input type=\"checkbox\" name=\"checkbox-902\" value=\"Sim\" \/><span class=\"wpcf7-list-item-label\">Sim<\/span><\/label><\/span><span class=\"wpcf7-list-item last\"><label><input type=\"checkbox\" name=\"checkbox-902\" value=\"N\u00e3o\" \/><span class=\"wpcf7-list-item-label\">N\u00e3o<\/span><\/label><\/span><\/span><\/span>\n<\/p>\n<div>\n\t<p><strong>Pode enviar-me\/indicar-me? <\/strong><br \/>\n<span class=\"wpcf7-form-control-wrap\" data-name=\"text-938\"><input size=\"40\" maxlength=\"400\" class=\"wpcf7-form-control wpcf7-text\" aria-invalid=\"false\" value=\"\" type=\"text\" name=\"text-938\" \/><\/span><br \/>\n<span class=\"wpcf7-form-control-wrap\" data-name=\"file-456\"><input size=\"40\" class=\"wpcf7-form-control wpcf7-file\" accept=\"audio\/*,video\/*,image\/*\" aria-invalid=\"false\" type=\"file\" name=\"file-456\" \/><\/span>\n\t<\/p>\n<\/div>\n<div>\n\t<p><strong>Querem partilhar connosco alguns exemplos de logotipos de que gostem e\/ou que vos pare\u00e7am pr\u00f3ximo do que pretendem para a vossa marca? <\/strong><br \/>\n<span class=\"wpcf7-form-control-wrap\" data-name=\"text-939\"><input size=\"40\" maxlength=\"400\" class=\"wpcf7-form-control wpcf7-text\" aria-invalid=\"false\" value=\"\" type=\"text\" name=\"text-939\" \/><\/span><br \/>\n<span class=\"wpcf7-form-control-wrap\" data-name=\"file-101\"><input size=\"40\" class=\"wpcf7-form-control wpcf7-file\" accept=\"audio\/*,video\/*,image\/*\" aria-invalid=\"false\" type=\"file\" name=\"file-101\" \/><\/span>\n\t<\/p>\n<\/div>\n<h3>Logo Existente\/Restyling\n<\/h3>\n<div>\n\t<p><strong>Podem partilhar a imagem actual da empresa?<\/strong><br \/>\n<span class=\"wpcf7-form-control-wrap\" data-name=\"text-839\"><input size=\"40\" maxlength=\"400\" class=\"wpcf7-form-control wpcf7-text\" aria-invalid=\"false\" value=\"\" type=\"text\" name=\"text-839\" \/><\/span><br \/>\n<span class=\"wpcf7-form-control-wrap\" data-name=\"file-801\"><input size=\"40\" class=\"wpcf7-form-control wpcf7-file\" accept=\"audio\/*,video\/*,image\/*\" aria-invalid=\"false\" type=\"file\" name=\"file-801\" \/><\/span>\n\t<\/p>\n<\/div>\n<p><label><strong>Porque \u00e9 que querem mudar? Qual \u00e9 o objectivo do restyling? <\/strong><br \/>\n<span class=\"wpcf7-form-control-wrap\" data-name=\"text-529\"><input size=\"40\" maxlength=\"400\" class=\"wpcf7-form-control wpcf7-text\" aria-invalid=\"false\" value=\"\" type=\"text\" name=\"text-529\" \/><\/span><\/label>\n<\/p>\n<p><label><strong>Gostavam de cortar completamente com o que t\u00eam ou, se poss\u00edvel, moderniz\u00e1-lo mas manter um fio condutor com o que existe? Que elementos devem ser mantidos e em quais podemos inovar? A mensagem deve ser mantida?<\/strong><br \/>\n<span class=\"wpcf7-form-control-wrap\" data-name=\"text-840\"><input size=\"40\" maxlength=\"400\" class=\"wpcf7-form-control wpcf7-text\" aria-invalid=\"false\" value=\"\" type=\"text\" name=\"text-840\" \/><\/span><\/label>\n<\/p>\n<p><label><strong>Outras infos relevantes para nos enquadrarem nesta mudan\u00e7a.<\/strong><br \/>\n<span class=\"wpcf7-form-control-wrap\" data-name=\"text-841\"><input size=\"40\" maxlength=\"400\" class=\"wpcf7-form-control wpcf7-text\" aria-invalid=\"false\" value=\"\" type=\"text\" name=\"text-841\" \/><\/span><\/label>\n<\/p>\n<p><label><strong>Como descreveriam a empresa e\/ou produtos?<\/strong><br \/>\n<span class=\"wpcf7-form-control-wrap\" data-name=\"text-842\"><input size=\"40\" maxlength=\"400\" class=\"wpcf7-form-control wpcf7-text\" aria-invalid=\"false\" value=\"\" type=\"text\" name=\"text-842\" \/><\/span><\/label>\n<\/p>\n<p><label><strong>Quais s\u00e3o os objetivos da empresa a longo prazo?<\/strong><br \/>\n<span class=\"wpcf7-form-control-wrap\" data-name=\"text-843\"><input size=\"40\" maxlength=\"400\" class=\"wpcf7-form-control wpcf7-text\" aria-invalid=\"false\" value=\"\" type=\"text\" name=\"text-843\" \/><\/span><\/label>\n<\/p>\n<p><label><strong>Quais s\u00e3o os vossos principais concorrentes?<\/strong><br \/>\n<span class=\"wpcf7-form-control-wrap\" data-name=\"text-844\"><input size=\"40\" maxlength=\"400\" class=\"wpcf7-form-control wpcf7-text\" aria-invalid=\"false\" value=\"\" type=\"text\" name=\"text-844\" \/><\/span><\/label>\n<\/p>\n<p><label><strong>O que diferencia a empresa dos concorrentes?<\/strong><br \/>\n<span class=\"wpcf7-form-control-wrap\" data-name=\"text-845\"><input size=\"40\" maxlength=\"400\" class=\"wpcf7-form-control wpcf7-text\" aria-invalid=\"false\" value=\"\" type=\"text\" name=\"text-845\" \/><\/span><\/label>\n<\/p>\n<p><label><strong>Qual \u00e9 a faixa et\u00e1ria do p\u00fablico-alvo?<\/strong><br \/>\n<span class=\"wpcf7-form-control-wrap\" data-name=\"text-846\"><input size=\"40\" maxlength=\"400\" class=\"wpcf7-form-control wpcf7-text\" aria-invalid=\"false\" value=\"\" type=\"text\" name=\"text-846\" \/><\/span><\/label>\n<\/p>\n<p><label><strong>A empresa \u00e9 tradicional ou moderna?<\/strong><br \/>\n<span class=\"wpcf7-form-control-wrap\" data-name=\"text-847\"><input size=\"40\" maxlength=\"400\" class=\"wpcf7-form-control wpcf7-text\" aria-invalid=\"false\" value=\"\" type=\"text\" name=\"text-847\" \/><\/span><\/label>\n<\/p>\n<p><label><strong>A empresa tem um lema? Se sim, gostariam que fosse usado com o logo?<\/strong><br \/>\n<span class=\"wpcf7-form-control-wrap\" data-name=\"text-848\"><input size=\"40\" maxlength=\"400\" class=\"wpcf7-form-control wpcf7-text\" aria-invalid=\"false\" value=\"\" type=\"text\" name=\"text-848\" \/><\/span><\/label>\n<\/p>\n<p><label><strong>T\u00eam alguma prefer\u00eancia por cores? H\u00e1 cores que gostariam que n\u00e3o fossem utilizadas?<\/strong><br \/>\n<span class=\"wpcf7-form-control-wrap\" data-name=\"text-849\"><input size=\"40\" maxlength=\"400\" class=\"wpcf7-form-control wpcf7-text\" aria-invalid=\"false\" value=\"\" type=\"text\" name=\"text-849\" \/><\/span><\/label>\n<\/p>\n<p><label><strong>Qual o sentimento ou mensagem que gostariam de passar com o logo?<\/strong><br \/>\n<span class=\"wpcf7-form-control-wrap\" data-name=\"text-850\"><input size=\"40\" maxlength=\"400\" class=\"wpcf7-form-control wpcf7-text\" aria-invalid=\"false\" value=\"\" type=\"text\" name=\"text-850\" \/><\/span><\/label>\n<\/p>\n<p><strong>Caso se apliquem: Os diferentes neg\u00f3cios que det\u00eam t\u00eam logotipos associados? <\/strong><br \/>\n<span class=\"wpcf7-form-control-wrap\" data-name=\"checkbox-801\"><span class=\"wpcf7-form-control wpcf7-checkbox wpcf7-exclusive-checkbox\"><span class=\"wpcf7-list-item first\"><label><input type=\"checkbox\" name=\"checkbox-801\" value=\"Sim\" \/><span class=\"wpcf7-list-item-label\">Sim<\/span><\/label><\/span><span class=\"wpcf7-list-item last\"><label><input type=\"checkbox\" name=\"checkbox-801\" value=\"N\u00e3o\" \/><span class=\"wpcf7-list-item-label\">N\u00e3o<\/span><\/label><\/span><\/span><\/span>\n<\/p>\n<p><strong>Gostavam que houvesse um fio condutor entre o novo logo e os logotipos existentes\/das outras \u00e1reas?<\/strong><br \/>\n<span class=\"wpcf7-form-control-wrap\" data-name=\"checkbox-802\"><span class=\"wpcf7-form-control wpcf7-checkbox wpcf7-exclusive-checkbox\"><span class=\"wpcf7-list-item first\"><label><input type=\"checkbox\" name=\"checkbox-802\" value=\"Sim\" \/><span class=\"wpcf7-list-item-label\">Sim<\/span><\/label><\/span><span class=\"wpcf7-list-item last\"><label><input type=\"checkbox\" name=\"checkbox-802\" value=\"N\u00e3o\" \/><span class=\"wpcf7-list-item-label\">N\u00e3o<\/span><\/label><\/span><\/span><\/span>\n<\/p>\n<div>\n\t<p><strong>Se sim, pode enviar-me\/indicar-me?<\/strong><br \/>\n<span class=\"wpcf7-form-control-wrap\" data-name=\"text-851\"><input size=\"40\" maxlength=\"400\" class=\"wpcf7-form-control wpcf7-text\" aria-invalid=\"false\" value=\"\" type=\"text\" name=\"text-851\" \/><\/span><br \/>\n<span class=\"wpcf7-form-control-wrap\" data-name=\"file-102\"><input size=\"40\" class=\"wpcf7-form-control wpcf7-file\" accept=\"audio\/*,video\/*,image\/*\" aria-invalid=\"false\" type=\"file\" name=\"file-102\" \/><\/span>\n\t<\/p>\n<\/div>\n<div>\n\t<p><strong>Querem partilhar connosco alguns exemplos de logotipos de que gostem e\/ou que vos pare\u00e7am pr\u00f3ximo do que pretendem para a vossa marca?<\/strong><br \/>\n<span class=\"wpcf7-form-control-wrap\" data-name=\"text-852\"><input size=\"40\" maxlength=\"400\" class=\"wpcf7-form-control wpcf7-text\" aria-invalid=\"false\" value=\"\" type=\"text\" name=\"text-852\" \/><\/span><br \/>\n<span class=\"wpcf7-form-control-wrap\" data-name=\"file-32\"><input size=\"40\" class=\"wpcf7-form-control wpcf7-file\" accept=\"audio\/*,video\/*,image\/*\" aria-invalid=\"false\" type=\"file\" name=\"file-32\" \/><\/span>\n\t<\/p>\n<\/div>\n<p><input class=\"wpcf7-form-control wpcf7-submit has-spinner\" type=\"submit\" value=\"Send\" \/>\n<\/p>\n<p>[multistep multistep-690 first_step last_step send_email \"https:\/\/alpha.pt\/proposta-agradecimento\/\"]\n<\/p><div class=\"wpcf7-response-output\" aria-hidden=\"true\"><\/div>\n<input type=\"hidden\" name=\"trp-form-language\" value=\"en\"\/><\/form>\n<\/div>\n<\/div><\/div><\/div><div class=\"wpb_column vc_column_container vc_col-sm-4\"><div class=\"vc_column-inner\"><div class=\"wpb_wrapper\"><\/div><\/div><\/div><\/div><\/div><\/div><\/div><\/div><div class=\"vc_row-full-width vc_clearfix\"><\/div><div class=\"vc_row wpb_row vc_row-fluid vc_custom_1684510423171 wpex-vc_row-has-fill wpex-vc-reset-negative-margin\"><div class=\"wpb_column vc_column_container vc_col-sm-12\"><div class=\"vc_column-inner\"><div class=\"wpb_wrapper\">\n\t<div  class=\"wpb_single_image wpb_content_element vc_align_center wpb_content_element vc_custom_1684510937833\">\n\t\t\n\t\t<figure class=\"wpb_wrapper vc_figure\">\n\t\t\t<div class=\"vc_single_image-wrapper   vc_box_border_grey\"><img class=\"vc_single_image-img\" src=\"https:\/\/alphabrand.pt\/wp-content\/uploads\/2023\/05\/logo-alpha-preto-156x51.png\" width=\"156\" height=\"51\" alt=\"logo-alpha-preto\" title=\"logo-alpha-preto\" loading=\"lazy\" \/><\/div>\n\t\t<\/figure>\n\t<\/div>\n\n\t<div class=\"wpb_text_column wpb_content_element vc_custom_1684512446959\" >\n\t\t<div class=\"wpb_wrapper\">\n\t\t\t<p style=\"text-align: center; font-size: 11px; color: black; line-height: 20px; font-family: gotham book; font-weight: 100;\">CREATIVE STUDIO<\/p>\n\n\t\t<\/div>\n\t<\/div>\n<style>.vcex-social-links.vcex_69f862a8e0c87{font-size:16px;}.vcex-social-links.vcex_69f862a8e0c87 .vcex-social-links__item{color:#575757;}<\/style><div class=\"vcex-social-links vcex-module wpex-flex wpex-items-center wpex-flex-wrap wpex-social-btns vcex-social-btns wpex-gap-5 wpex-justify-center wpex-last-mr-0 vcex_69f862a8e0c87\"><a href=\"#\" class=\"vcex-social-links__item wpex-social-btn wpex-social-btn-no-style wpex-has-custom-color vc_custom_1684754291368 wpex-linkedin\" title=\"LinkedIn\"><span class=\"vcex-social-links__icon ticon ticon-linkedin\" aria-hidden=\"true\"><\/span><span class=\"screen-reader-text\">LinkedIn<\/span><\/a><a href=\"#\" class=\"vcex-social-links__item wpex-social-btn wpex-social-btn-no-style wpex-has-custom-color vc_custom_1684754291368 wpex-facebook\" title=\"Facebook\"><span class=\"vcex-social-links__icon ticon ticon-facebook\" aria-hidden=\"true\"><\/span><span class=\"screen-reader-text\">Facebook<\/span><\/a><a href=\"#\" class=\"vcex-social-links__item wpex-social-btn wpex-social-btn-no-style wpex-has-custom-color vc_custom_1684754291368 wpex-instagram\" title=\"Instagram\"><span class=\"vcex-social-links__icon ticon ticon-instagram\" aria-hidden=\"true\"><\/span><span class=\"screen-reader-text\">Instagram<\/span><\/a><\/div>\n\t<div class=\"wpb_text_column wpb_content_element vc_custom_1684512454454\" >\n\t\t<div class=\"wpb_wrapper\">\n\t\t\t<p style=\"text-align: center; font-size: 11px; color: black; line-height: 20px; font-family: gotham book; font-weight: 100;\">\u00a9 2023 ALPHA\u00ae<\/p>\n\n\t\t<\/div>\n\t<\/div>\n<\/div><\/div><\/div><\/div>\n<\/div>","protected":false},"excerpt":{"rendered":"Bem-vindos! Como combinado, pedimos que respondam \u00e0s quest\u00f5es abaixo de forma a podermos enviar uma proposta direcionada face ao pretendido. Notem por favor que este formul\u00e1rio \u00e9 um proforma e, como tal, algumas perguntas poder\u00e3o n\u00e3o fazer sentido no vosso contexto. Para al\u00e9m disso, nenhuma pergunta \u00e9 de resposta obrigat\u00f3ria. Pedimos apenas que partilhem connosco&hellip;","protected":false},"author":1,"featured_media":0,"parent":0,"menu_order":0,"comment_status":"closed","ping_status":"closed","template":"","meta":{"footnotes":""},"class_list":["post-7208","page","type-page","status-publish","hentry","entry","no-media"],"_links":{"self":[{"href":"https:\/\/alphabrand.pt\/en\/wp-json\/wp\/v2\/pages\/7208","targetHints":{"allow":["GET"]}}],"collection":[{"href":"https:\/\/alphabrand.pt\/en\/wp-json\/wp\/v2\/pages"}],"about":[{"href":"https:\/\/alphabrand.pt\/en\/wp-json\/wp\/v2\/types\/page"}],"author":[{"embeddable":true,"href":"https:\/\/alphabrand.pt\/en\/wp-json\/wp\/v2\/users\/1"}],"replies":[{"embeddable":true,"href":"https:\/\/alphabrand.pt\/en\/wp-json\/wp\/v2\/comments?post=7208"}],"version-history":[{"count":17,"href":"https:\/\/alphabrand.pt\/en\/wp-json\/wp\/v2\/pages\/7208\/revisions"}],"predecessor-version":[{"id":7377,"href":"https:\/\/alphabrand.pt\/en\/wp-json\/wp\/v2\/pages\/7208\/revisions\/7377"}],"wp:attachment":[{"href":"https:\/\/alphabrand.pt\/en\/wp-json\/wp\/v2\/media?parent=7208"}],"curies":[{"name":"wp","href":"https:\/\/api.w.org\/{rel}","templated":true}]}}