{"id":7227,"date":"2023-05-23T16:02:01","date_gmt":"2023-05-23T15:02:01","guid":{"rendered":"https:\/\/alpha.pt\/?page_id=7227"},"modified":"2023-05-26T10:41:17","modified_gmt":"2023-05-26T09:41:17","slug":"proposta","status":"publish","type":"page","link":"https:\/\/alphabrand.pt\/en\/proposta\/","title":{"rendered":"Proposta"},"content":{"rendered":"<div class=\"wpb-content-wrapper\"><div data-vc-full-width=\"true\" data-vc-full-width-init=\"false\" data-vc-stretch-content=\"true\" class=\"vc_row wpb_row vc_row-fluid align-center vc_custom_1684852007917 vc_row-no-padding vc_row-o-content-middle vc_row-flex wpex-vc_row-has-fill wpex-vc-row-stretched\"><div class=\"wpb_column vc_column_container vc_col-sm-12 vc_col-lg-10 vc_col-md-12\"><div class=\"vc_column-inner\"><div class=\"wpb_wrapper\"><div class=\"vc_empty_space\"   style=\"height: 565px\"><span class=\"vc_empty_space_inner\"><\/span><\/div><\/div><\/div><\/div><\/div><div class=\"vc_row-full-width vc_clearfix\"><\/div><div data-vc-full-width=\"true\" data-vc-full-width-init=\"false\" data-vc-stretch-content=\"true\" class=\"vc_row wpb_row vc_row-fluid wpex-vc-row-stretched\"><div data-vc-parallax=\"1.5\" data-vc-parallax-image=\"https:\/\/alphabrand.pt\/wp-content\/uploads\/2023\/05\/bg-cinza11.svg\" class=\"wpb_column vc_column_container vc_col-sm-12 wpex-vc_col-has-fill vc_general vc_parallax vc_parallax-content-moving\"><div class=\"vc_column-inner\"><div class=\"wpb_wrapper\"><div class=\"vc_row wpb_row vc_inner vc_row-fluid vc_custom_1684853343489\"><div class=\"wpb_column vc_column_container vc_col-sm-4\"><div class=\"vc_column-inner\"><div class=\"wpb_wrapper\"><\/div><\/div><\/div><div class=\"wpb_column vc_column_container vc_col-sm-4\"><div class=\"vc_column-inner vc_custom_1474478996357\"><div class=\"wpb_wrapper\">\n\t<div class=\"wpb_text_column wpb_content_element\" >\n\t\t<div class=\"wpb_wrapper\">\n\t\t\t<h2 style=\"text-align: left; font-size: 28px;\">Bem-vindos!<\/h2>\n<p>Como combinado, pedimos que respondam \u00e0s quest\u00f5es abaixo de forma a podermos enviar uma proposta direcionada face ao pretendido.<\/p>\n<p>Notem por favor que este formul\u00e1rio \u00e9 um proforma e, como tal, algumas perguntas poder\u00e3o n\u00e3o fazer sentido no vosso contexto.<\/p>\n<p>Para al\u00e9m disso, nenhuma pergunta \u00e9 de resposta obrigat\u00f3ria. Pedimos apenas que partilhem connosco a informa\u00e7\u00e3o que vos faz sentido para que possamos conhecer o melhor poss\u00edvel as vossas expectativas. Sempre que n\u00e3o tiverem resposta avancem sem problema nenhum.<\/p>\n<p>Muito obrigado!<\/p>\n\n\t\t<\/div>\n\t<\/div>\n\n<div class=\"wpcf7 no-js\" id=\"wpcf7-f7228-o1\" lang=\"en-US\" dir=\"ltr\">\n<div class=\"screen-reader-response\"><p role=\"status\" aria-live=\"polite\" aria-atomic=\"true\"><\/p> <ul><\/ul><\/div>\n<form action=\"\/en\/wp-json\/wp\/v2\/pages\/7227#wpcf7-f7228-o1\" method=\"post\" class=\"wpcf7-form init\" aria-label=\"Contact form\" novalidate=\"novalidate\" data-status=\"init\" data-trp-original-action=\"\/en\/wp-json\/wp\/v2\/pages\/7227#wpcf7-f7228-o1\">\n<div style=\"display: none;\">\n<input type=\"hidden\" name=\"_wpcf7\" value=\"7228\" \/>\n<input type=\"hidden\" name=\"_wpcf7_version\" value=\"5.9.8\" \/>\n<input type=\"hidden\" name=\"_wpcf7_locale\" value=\"en_US\" \/>\n<input type=\"hidden\" name=\"_wpcf7_unit_tag\" value=\"wpcf7-f7228-o1\" \/>\n<input type=\"hidden\" name=\"_wpcf7_container_post\" value=\"0\" \/>\n<input type=\"hidden\" name=\"_wpcf7_posted_data_hash\" value=\"\" \/>\n<input type=\"hidden\" name=\"_wpcf7cf_hidden_group_fields\" value=\"[]\" \/>\n<input type=\"hidden\" name=\"_wpcf7cf_hidden_groups\" value=\"[]\" \/>\n<input type=\"hidden\" name=\"_wpcf7cf_visible_groups\" value=\"[]\" \/>\n<input type=\"hidden\" name=\"_wpcf7cf_repeaters\" value=\"[]\" \/>\n<input type=\"hidden\" name=\"_wpcf7cf_steps\" value=\"{}\" \/>\n<input type=\"hidden\" name=\"_wpcf7cf_options\" value=\"{&quot;form_id&quot;:7228,&quot;conditions&quot;:[{&quot;then_field&quot;:&quot;group-767&quot;,&quot;and_rules&quot;:[{&quot;if_field&quot;:&quot;checkbox-310&quot;,&quot;operator&quot;:&quot;equals&quot;,&quot;if_value&quot;:&quot;Loja Online&quot;}]}],&quot;settings&quot;:{&quot;animation&quot;:&quot;yes&quot;,&quot;animation_intime&quot;:200,&quot;animation_outtime&quot;:200,&quot;conditions_ui&quot;:&quot;normal&quot;,&quot;notice_dismissed&quot;:false,&quot;notice_dismissed_rollback-cf7-5.7.6&quot;:true}}\" \/>\n<\/div>\n<h3>Dados de Contacto\n<\/h3>\n<div>\n\t<div style=\"display:inline-block; width:40%;\">\n\t\t<p><strong>Nome*<\/strong><span class=\"wpcf7-form-control-wrap\" data-name=\"text-991\"><input size=\"40\" maxlength=\"400\" class=\"wpcf7-form-control wpcf7-text wpcf7-validates-as-required\" aria-required=\"true\" aria-invalid=\"false\" value=\"\" type=\"text\" name=\"text-991\" \/><\/span>\n\t\t<\/p>\n\t<\/div>\n\t<div style=\"display:inline-block; width:44%; margin-left:10px;\">\n\t\t<p><strong>Email*<\/strong><span class=\"wpcf7-form-control-wrap\" data-name=\"email-905\"><input size=\"40\" maxlength=\"400\" class=\"wpcf7-form-control wpcf7-email wpcf7-validates-as-required wpcf7-text wpcf7-validates-as-email\" aria-required=\"true\" aria-invalid=\"false\" value=\"\" type=\"email\" name=\"email-905\" \/><\/span>\n\t\t<\/p>\n\t<\/div>\n<\/div>\n<h3>Branding\n<\/h3>\n<p><strong>T\u00eam marca\/logo desenvolvido?<\/strong><br \/>\n<span class=\"wpcf7-form-control-wrap\" data-name=\"checkbox-300\"><span class=\"wpcf7-form-control wpcf7-checkbox wpcf7-exclusive-checkbox\"><span class=\"wpcf7-list-item first\"><label><input type=\"checkbox\" name=\"checkbox-300\" value=\"Sim\" \/><span class=\"wpcf7-list-item-label\">Sim<\/span><\/label><\/span><span class=\"wpcf7-list-item\"><label><input type=\"checkbox\" name=\"checkbox-300\" value=\"N\u00e3o\" \/><span class=\"wpcf7-list-item-label\">N\u00e3o<\/span><\/label><\/span><span class=\"wpcf7-list-item last\"><label><input type=\"checkbox\" name=\"checkbox-300\" value=\"Em desenvolvimento\" \/><span class=\"wpcf7-list-item-label\">Em desenvolvimento<\/span><\/label><\/span><\/span><\/span>\n<\/p>\n<p><strong>T\u00eam dom\u00ednio registado?<\/strong><br \/>\n<span class=\"wpcf7-form-control-wrap\" data-name=\"checkbox-301\"><span class=\"wpcf7-form-control wpcf7-checkbox wpcf7-exclusive-checkbox\"><span class=\"wpcf7-list-item first\"><label><input type=\"checkbox\" name=\"checkbox-301\" value=\"Sim\" \/><span class=\"wpcf7-list-item-label\">Sim<\/span><\/label><\/span><span class=\"wpcf7-list-item last\"><label><input type=\"checkbox\" name=\"checkbox-301\" value=\"N\u00e3o\" \/><span class=\"wpcf7-list-item-label\">N\u00e3o<\/span><\/label><\/span><\/span><\/span>\n<\/p>\n<p><strong>T\u00eam alojamento contratado?<\/strong><br \/>\n<span class=\"wpcf7-form-control-wrap\" data-name=\"checkbox-302\"><span class=\"wpcf7-form-control wpcf7-checkbox wpcf7-exclusive-checkbox\"><span class=\"wpcf7-list-item first\"><label><input type=\"checkbox\" name=\"checkbox-302\" value=\"Sim\" \/><span class=\"wpcf7-list-item-label\">Sim<\/span><\/label><\/span><span class=\"wpcf7-list-item last\"><label><input type=\"checkbox\" name=\"checkbox-302\" value=\"N\u00e3o\" \/><span class=\"wpcf7-list-item-label\">N\u00e3o<\/span><\/label><\/span><\/span><\/span>\n<\/p>\n<h3>Estrutura\n<\/h3>\n<p><strong>Quais as \u00e1reas necess\u00e1rias \/ mapa do site?<\/strong><br \/>\n<span class=\"wpcf7-form-control-wrap\" data-name=\"checkbox-372\"><span class=\"wpcf7-form-control wpcf7-checkbox\"><span class=\"wpcf7-list-item first\"><label><input type=\"checkbox\" name=\"checkbox-372[]\" value=\"Quem Somos \/ Sobre\" \/><span class=\"wpcf7-list-item-label\">Quem Somos \/ Sobre<\/span><\/label><\/span><span class=\"wpcf7-list-item\"><label><input type=\"checkbox\" name=\"checkbox-372[]\" value=\"Servi\u00e7os\" \/><span class=\"wpcf7-list-item-label\">Servi\u00e7os<\/span><\/label><\/span><span class=\"wpcf7-list-item\"><label><input type=\"checkbox\" name=\"checkbox-372[]\" value=\"Miss\u00e3o\" \/><span class=\"wpcf7-list-item-label\">Miss\u00e3o<\/span><\/label><\/span><span class=\"wpcf7-list-item\"><label><input type=\"checkbox\" name=\"checkbox-372[]\" value=\"Equipa\" \/><span class=\"wpcf7-list-item-label\">Equipa<\/span><\/label><\/span><span class=\"wpcf7-list-item\"><label><input type=\"checkbox\" name=\"checkbox-372[]\" value=\"Galeria\" \/><span class=\"wpcf7-list-item-label\">Galeria<\/span><\/label><\/span><span class=\"wpcf7-list-item\"><label><input type=\"checkbox\" name=\"checkbox-372[]\" value=\"Produtos\" \/><span class=\"wpcf7-list-item-label\">Produtos<\/span><\/label><\/span><span class=\"wpcf7-list-item\"><label><input type=\"checkbox\" name=\"checkbox-372[]\" value=\"P\u00e1gina de FAQ\u2019s\" \/><span class=\"wpcf7-list-item-label\">P\u00e1gina de FAQ\u2019s<\/span><\/label><\/span><span class=\"wpcf7-list-item\"><label><input type=\"checkbox\" name=\"checkbox-372[]\" value=\"Blog\" \/><span class=\"wpcf7-list-item-label\">Blog<\/span><\/label><\/span><span class=\"wpcf7-list-item last\"><label><input type=\"checkbox\" name=\"checkbox-372[]\" value=\"Contactos\" \/><span class=\"wpcf7-list-item-label\">Contactos<\/span><\/label><\/span><\/span><\/span>\n<\/p>\n<p><label>Others <span class=\"wpcf7-form-control-wrap\" data-name=\"text-704\"><input size=\"40\" maxlength=\"400\" class=\"wpcf7-form-control wpcf7-text\" aria-invalid=\"false\" value=\"\" type=\"text\" name=\"text-704\" \/><\/span><\/label>\n<\/p>\n<p><strong>Caso j\u00e1 tenham site, devemos considerar a mesma estrutura?<\/strong><br \/>\n<span class=\"wpcf7-form-control-wrap\" data-name=\"checkbox-683\"><span class=\"wpcf7-form-control wpcf7-checkbox wpcf7-exclusive-checkbox\"><span class=\"wpcf7-list-item first\"><label><input type=\"checkbox\" name=\"checkbox-683\" value=\"Sim\" \/><span class=\"wpcf7-list-item-label\">Sim<\/span><\/label><\/span><span class=\"wpcf7-list-item last\"><label><input type=\"checkbox\" name=\"checkbox-683\" value=\"N\u00e3o\" \/><span class=\"wpcf7-list-item-label\">N\u00e3o<\/span><\/label><\/span><\/span><\/span>\n<\/p>\n<p><label><strong>Qual o endere\u00e7o?<\/strong><br \/>\n<span class=\"wpcf7-form-control-wrap\" data-name=\"text-705\"><input size=\"40\" maxlength=\"400\" class=\"wpcf7-form-control wpcf7-text\" aria-invalid=\"false\" value=\"\" type=\"text\" name=\"text-705\" \/><\/span><\/label>\n<\/p>\n<p><label><strong>Caso n\u00e3o tenham site, t\u00eam outros canais que possamos considerar como base da estrutura, conte\u00fados, etc.? Se sim, indiquem o(s) endere\u00e7o(s) por favor.<\/strong><\/label>\n<\/p>\n<p><label>Blog <span class=\"wpcf7-form-control-wrap\" data-name=\"text-706\"><input size=\"40\" maxlength=\"400\" class=\"wpcf7-form-control wpcf7-text\" aria-invalid=\"false\" value=\"\" type=\"text\" name=\"text-706\" \/><\/span><\/label><br \/>\n<label>Redes Sociais <span class=\"wpcf7-form-control-wrap\" data-name=\"text-806\"><input size=\"40\" maxlength=\"400\" class=\"wpcf7-form-control wpcf7-text\" aria-invalid=\"false\" value=\"\" type=\"text\" name=\"text-806\" \/><\/span><\/label><br \/>\n<label>Others <span class=\"wpcf7-form-control-wrap\" data-name=\"text-906\"><input size=\"40\" maxlength=\"400\" class=\"wpcf7-form-control wpcf7-text\" aria-invalid=\"false\" value=\"\" type=\"text\" name=\"text-906\" \/><\/span><\/label>\n<\/p>\n<h3>Funcionalidades\n<\/h3>\n<p><strong>Quais as funcionalidades pretendidas?<\/strong><br \/>\n<span class=\"wpcf7-form-control-wrap\" data-name=\"checkbox-310\"><span class=\"wpcf7-form-control wpcf7-checkbox\"><span class=\"wpcf7-list-item first\"><label><input type=\"checkbox\" name=\"checkbox-310[]\" value=\"Formul\u00e1rio de Contacto\" \/><span class=\"wpcf7-list-item-label\">Formul\u00e1rio de Contacto<\/span><\/label><\/span><span class=\"wpcf7-list-item\"><label><input type=\"checkbox\" name=\"checkbox-310[]\" value=\"Subscri\u00e7\u00e3o de Newsletter\" \/><span class=\"wpcf7-list-item-label\">Subscri\u00e7\u00e3o de Newsletter<\/span><\/label><\/span><span class=\"wpcf7-list-item\"><label><input type=\"checkbox\" name=\"checkbox-310[]\" value=\"Loja Online\" \/><span class=\"wpcf7-list-item-label\">Loja Online<\/span><\/label><\/span><span class=\"wpcf7-list-item\"><label><input type=\"checkbox\" name=\"checkbox-310[]\" value=\"Chatbot\" \/><span class=\"wpcf7-list-item-label\">Chatbot<\/span><\/label><\/span><span class=\"wpcf7-list-item\"><label><input type=\"checkbox\" name=\"checkbox-310[]\" value=\"Pesquisa\" \/><span class=\"wpcf7-list-item-label\">Pesquisa<\/span><\/label><\/span><span class=\"wpcf7-list-item\"><label><input type=\"checkbox\" name=\"checkbox-310[]\" value=\"\u00c1rea(s) Reservada(s)\" \/><span class=\"wpcf7-list-item-label\">\u00c1rea(s) Reservada(s)<\/span><\/label><\/span><span class=\"wpcf7-list-item\"><label><input type=\"checkbox\" name=\"checkbox-310[]\" value=\"Mapa\" \/><span class=\"wpcf7-list-item-label\">Mapa<\/span><\/label><\/span><span class=\"wpcf7-list-item\"><label><input type=\"checkbox\" name=\"checkbox-310[]\" value=\"Calend\u00e1rios de Eventos\" \/><span class=\"wpcf7-list-item-label\">Calend\u00e1rios de Eventos<\/span><\/label><\/span><span class=\"wpcf7-list-item\"><label><input type=\"checkbox\" name=\"checkbox-310[]\" value=\"Reservas\" \/><span class=\"wpcf7-list-item-label\">Reservas<\/span><\/label><\/span><span class=\"wpcf7-list-item last\"><label><input type=\"checkbox\" name=\"checkbox-310[]\" value=\"Notifica\u00e7\u00f5es via email ou SMS\" \/><span class=\"wpcf7-list-item-label\">Notifica\u00e7\u00f5es via email ou SMS<\/span><\/label><\/span><\/span><\/span>\n<\/p>\n<p><label>Outras<br \/>\n<span class=\"wpcf7-form-control-wrap\" data-name=\"text-18\"><input size=\"40\" maxlength=\"400\" class=\"wpcf7-form-control wpcf7-text\" aria-invalid=\"false\" value=\"\" type=\"text\" name=\"text-18\" \/><\/span><\/label>\n<\/p>\n<div data-id=\"group-767\" data-orig_data_id=\"group-767\"  data-class=\"wpcf7cf_group\">\n\t<p><strong style=\"color:black;\">A loja online deve ter as seguintes funcionalidades:<\/strong>\n\t<\/p>\n\t<p><label style=\"color:black;\">Pagamentos: Integra\u00e7\u00e3o com meios de pagamento e quais?<br \/>\n<span class=\"wpcf7-form-control-wrap\" data-name=\"text-19\"><input size=\"40\" maxlength=\"400\" class=\"wpcf7-form-control wpcf7-text\" aria-invalid=\"false\" value=\"\" type=\"text\" name=\"text-19\" \/><\/span><\/label><br \/>\n<label style=\"color:black;\">Envios: integra\u00e7\u00e3o com transportadora?<br \/>\n<span class=\"wpcf7-form-control-wrap\" data-name=\"text-20\"><input size=\"40\" maxlength=\"400\" class=\"wpcf7-form-control wpcf7-text\" aria-invalid=\"false\" value=\"\" type=\"text\" name=\"text-20\" \/><\/span><\/label><br \/>\n<label style=\"color:black;\">Fatura\u00e7\u00e3o: integra\u00e7\u00e3o com sistema de fatura\u00e7\u00e3o?<br \/>\n<span class=\"wpcf7-form-control-wrap\" data-name=\"text-21\"><input size=\"40\" maxlength=\"400\" class=\"wpcf7-form-control wpcf7-text\" aria-invalid=\"false\" value=\"\" type=\"text\" name=\"text-21\" \/><\/span><\/label><br \/>\n<label style=\"color:black;\">Moeda: moeda \u00fanica ou ..? Qual\/Quais?<br \/>\n<span class=\"wpcf7-form-control-wrap\" data-name=\"text-22\"><input size=\"40\" maxlength=\"400\" class=\"wpcf7-form-control wpcf7-text\" aria-invalid=\"false\" value=\"\" type=\"text\" name=\"text-22\" \/><\/span><\/label>\n\t<\/p>\n<\/div>\n<p><strong>Pretendem integra\u00e7\u00e3o com redes sociais e\/ou outras plataformas em que estejam presentes?<\/strong><br \/>\n<span class=\"wpcf7-form-control-wrap\" data-name=\"checkbox-312\"><span class=\"wpcf7-form-control wpcf7-checkbox\"><span class=\"wpcf7-list-item first\"><label><input type=\"checkbox\" name=\"checkbox-312[]\" value=\"Instagram\" \/><span class=\"wpcf7-list-item-label\">Instagram<\/span><\/label><\/span><span class=\"wpcf7-list-item\"><label><input type=\"checkbox\" name=\"checkbox-312[]\" value=\"Whatsapp\" \/><span class=\"wpcf7-list-item-label\">Whatsapp<\/span><\/label><\/span><span class=\"wpcf7-list-item\"><label><input type=\"checkbox\" name=\"checkbox-312[]\" value=\"Facebook\" \/><span class=\"wpcf7-list-item-label\">Facebook<\/span><\/label><\/span><span class=\"wpcf7-list-item\"><label><input type=\"checkbox\" name=\"checkbox-312[]\" value=\"LinkedIn\" \/><span class=\"wpcf7-list-item-label\">LinkedIn<\/span><\/label><\/span><span class=\"wpcf7-list-item\"><label><input type=\"checkbox\" name=\"checkbox-312[]\" value=\"Youtube\" \/><span class=\"wpcf7-list-item-label\">Youtube<\/span><\/label><\/span><span class=\"wpcf7-list-item last\"><label><input type=\"checkbox\" name=\"checkbox-312[]\" value=\"Tiktok\" \/><span class=\"wpcf7-list-item-label\">Tiktok<\/span><\/label><\/span><\/span><\/span>\n<\/p>\n<p><label>Outra(s)<br \/>\n<span class=\"wpcf7-form-control-wrap\" data-name=\"text-24\"><input size=\"40\" maxlength=\"400\" class=\"wpcf7-form-control wpcf7-text\" aria-invalid=\"false\" value=\"\" type=\"text\" name=\"text-24\" \/><\/span><\/label>\n<\/p>\n<p><strong>Idiomas<\/strong><br \/>\n<span class=\"wpcf7-form-control-wrap\" data-name=\"checkbox-313\"><span class=\"wpcf7-form-control wpcf7-checkbox\"><span class=\"wpcf7-list-item first\"><label><input type=\"checkbox\" name=\"checkbox-313[]\" value=\"PT\" \/><span class=\"wpcf7-list-item-label\">PT<\/span><\/label><\/span><span class=\"wpcf7-list-item\"><label><input type=\"checkbox\" name=\"checkbox-313[]\" value=\"EN\" \/><span class=\"wpcf7-list-item-label\">EN<\/span><\/label><\/span><span class=\"wpcf7-list-item\"><label><input type=\"checkbox\" name=\"checkbox-313[]\" value=\"ESP\" \/><span class=\"wpcf7-list-item-label\">ESP<\/span><\/label><\/span><span class=\"wpcf7-list-item last\"><label><input type=\"checkbox\" name=\"checkbox-313[]\" value=\"FR\" \/><span class=\"wpcf7-list-item-label\">FR<\/span><\/label><\/span><\/span><\/span>\n<\/p>\n<p><label>Outra<br \/>\n<span class=\"wpcf7-form-control-wrap\" data-name=\"text-25\"><input size=\"40\" maxlength=\"400\" class=\"wpcf7-form-control wpcf7-text\" aria-invalid=\"false\" value=\"\" type=\"text\" name=\"text-25\" \/><\/span><\/label>\n<\/p>\n<h3>Conte\u00fados\n<\/h3>\n<p><strong>T\u00eam conte\u00fados para partilhar connosco designadamente (op\u00e7\u00f5es de escola m\u00faltipla)<\/strong><br \/>\n<span class=\"wpcf7-form-control-wrap\" data-name=\"checkbox-314\"><span class=\"wpcf7-form-control wpcf7-checkbox\"><span class=\"wpcf7-list-item first\"><label><input type=\"checkbox\" name=\"checkbox-314[]\" value=\"Textos\" \/><span class=\"wpcf7-list-item-label\">Textos<\/span><\/label><\/span><span class=\"wpcf7-list-item\"><label><input type=\"checkbox\" name=\"checkbox-314[]\" value=\"Imagens\" \/><span class=\"wpcf7-list-item-label\">Imagens<\/span><\/label><\/span><span class=\"wpcf7-list-item\"><label><input type=\"checkbox\" name=\"checkbox-314[]\" value=\"Produtos, respectivas imagens, refer\u00eancia, descri\u00e7\u00e3o e todas informa\u00e7\u00f5es associadas\" \/><span class=\"wpcf7-list-item-label\">Produtos, respectivas imagens, refer\u00eancia, descri\u00e7\u00e3o e todas informa\u00e7\u00f5es associadas<\/span><\/label><\/span><span class=\"wpcf7-list-item\"><label><input type=\"checkbox\" name=\"checkbox-314[]\" value=\"Termos e Condi\u00e7\u00f5es\" \/><span class=\"wpcf7-list-item-label\">Termos e Condi\u00e7\u00f5es<\/span><\/label><\/span><span class=\"wpcf7-list-item\"><label><input type=\"checkbox\" name=\"checkbox-314[]\" value=\"Pol\u00edtica de privacidade e cookies (necess\u00e1rio caso haja recolha de dados)\" \/><span class=\"wpcf7-list-item-label\">Pol\u00edtica de privacidade e cookies (necess\u00e1rio caso haja recolha de dados)<\/span><\/label><\/span><span class=\"wpcf7-list-item last\"><label><input type=\"checkbox\" name=\"checkbox-314[]\" value=\"Contactos\" \/><span class=\"wpcf7-list-item-label\">Contactos<\/span><\/label><\/span><\/span><\/span><br \/>\n<label>Outras<br \/>\n<span class=\"wpcf7-form-control-wrap\" data-name=\"text-26\"><input size=\"40\" maxlength=\"400\" class=\"wpcf7-form-control wpcf7-text\" aria-invalid=\"false\" value=\"\" type=\"text\" name=\"text-26\" \/><\/span><\/label>\n<\/p>\n<h3>Objetivo (op\u00e7\u00f5es de escola m\u00faltipla)\n<\/h3>\n<p><strong>Qual o objetivo com este projecto?<\/strong><br \/>\n<span class=\"wpcf7-form-control-wrap\" data-name=\"checkbox-315\"><span class=\"wpcf7-form-control wpcf7-checkbox\"><span class=\"wpcf7-list-item first\"><label><input type=\"checkbox\" name=\"checkbox-315[]\" value=\"Modernizar imagem da empresa\" \/><span class=\"wpcf7-list-item-label\">Modernizar imagem da empresa<\/span><\/label><\/span><span class=\"wpcf7-list-item\"><label><input type=\"checkbox\" name=\"checkbox-315[]\" value=\"Presen\u00e7a online\" \/><span class=\"wpcf7-list-item-label\">Presen\u00e7a online<\/span><\/label><\/span><span class=\"wpcf7-list-item\"><label><input type=\"checkbox\" name=\"checkbox-315[]\" value=\"Posicionamento google\" \/><span class=\"wpcf7-list-item-label\">Posicionamento google<\/span><\/label><\/span><span class=\"wpcf7-list-item last\"><label><input type=\"checkbox\" name=\"checkbox-315[]\" value=\"Internacionaliza\u00e7\u00e3o\" \/><span class=\"wpcf7-list-item-label\">Internacionaliza\u00e7\u00e3o<\/span><\/label><\/span><\/span><\/span><br \/>\n<label>Outro(s)<br \/>\n<span class=\"wpcf7-form-control-wrap\" data-name=\"text-27\"><input size=\"40\" maxlength=\"400\" class=\"wpcf7-form-control wpcf7-text\" aria-invalid=\"false\" value=\"\" type=\"text\" name=\"text-27\" \/><\/span><\/label>\n<\/p>\n<h3>Refer\u00eancias\n<\/h3>\n<p><label><strong>Finalmente, mas n\u00e3o menos importante, consegue enviar sites de refer\u00eancia (mesmo que de outras \u00e1reas de neg\u00f3cio)?<\/strong><br \/>\n<span class=\"wpcf7-form-control-wrap\" data-name=\"text-28\"><textarea cols=\"40\" rows=\"10\" maxlength=\"2000\" class=\"wpcf7-form-control wpcf7-textarea\" aria-invalid=\"false\" name=\"text-28\"><\/textarea><\/span><\/label><br \/>\n<input class=\"wpcf7-form-control wpcf7-submit has-spinner\" type=\"submit\" value=\"Send\" \/>\n<\/p>\n<p>[multistep multistep-690 first_step last_step send_email \"https:\/\/alpha.pt\/proposta-agradecimento\/\"]\n<\/p><div class=\"wpcf7-response-output\" aria-hidden=\"true\"><\/div>\n<input type=\"hidden\" name=\"trp-form-language\" value=\"en\"\/><\/form>\n<\/div>\n<\/div><\/div><\/div><div class=\"wpb_column vc_column_container vc_col-sm-4\"><div class=\"vc_column-inner\"><div class=\"wpb_wrapper\"><\/div><\/div><\/div><\/div><\/div><\/div><\/div><\/div><div class=\"vc_row-full-width vc_clearfix\"><\/div><div class=\"vc_row wpb_row vc_row-fluid vc_custom_1684510423171 wpex-vc_row-has-fill wpex-vc-reset-negative-margin\"><div class=\"wpb_column vc_column_container vc_col-sm-12\"><div class=\"vc_column-inner\"><div class=\"wpb_wrapper\">\n\t<div  class=\"wpb_single_image wpb_content_element vc_align_center wpb_content_element vc_custom_1684510937833\">\n\t\t\n\t\t<figure class=\"wpb_wrapper vc_figure\">\n\t\t\t<div class=\"vc_single_image-wrapper   vc_box_border_grey\"><img class=\"vc_single_image-img\" src=\"https:\/\/alphabrand.pt\/wp-content\/uploads\/2023\/05\/logo-alpha-preto-156x51.png\" width=\"156\" height=\"51\" alt=\"logo-alpha-preto\" title=\"logo-alpha-preto\" loading=\"lazy\" \/><\/div>\n\t\t<\/figure>\n\t<\/div>\n\n\t<div class=\"wpb_text_column wpb_content_element vc_custom_1684512446959\" >\n\t\t<div class=\"wpb_wrapper\">\n\t\t\t<p style=\"text-align: center; font-size: 11px; color: black; line-height: 20px; font-family: gotham book; font-weight: 100;\">CREATIVE STUDIO<\/p>\n\n\t\t<\/div>\n\t<\/div>\n<style>.vcex-social-links.vcex_69f5aea694cbc{font-size:16px;}.vcex-social-links.vcex_69f5aea694cbc .vcex-social-links__item{color:#575757;}<\/style><div class=\"vcex-social-links vcex-module wpex-flex wpex-items-center wpex-flex-wrap wpex-social-btns vcex-social-btns wpex-gap-5 wpex-justify-center wpex-last-mr-0 vcex_69f5aea694cbc\"><a href=\"#\" class=\"vcex-social-links__item wpex-social-btn wpex-social-btn-no-style wpex-has-custom-color vc_custom_1684754291368 wpex-linkedin\" title=\"LinkedIn\"><span class=\"vcex-social-links__icon ticon ticon-linkedin\" aria-hidden=\"true\"><\/span><span class=\"screen-reader-text\">LinkedIn<\/span><\/a><a href=\"#\" class=\"vcex-social-links__item wpex-social-btn wpex-social-btn-no-style wpex-has-custom-color vc_custom_1684754291368 wpex-facebook\" title=\"Facebook\"><span class=\"vcex-social-links__icon ticon ticon-facebook\" aria-hidden=\"true\"><\/span><span class=\"screen-reader-text\">Facebook<\/span><\/a><a href=\"#\" class=\"vcex-social-links__item wpex-social-btn wpex-social-btn-no-style wpex-has-custom-color vc_custom_1684754291368 wpex-instagram\" title=\"Instagram\"><span class=\"vcex-social-links__icon ticon ticon-instagram\" aria-hidden=\"true\"><\/span><span class=\"screen-reader-text\">Instagram<\/span><\/a><\/div>\n\t<div class=\"wpb_text_column wpb_content_element vc_custom_1684512454454\" >\n\t\t<div class=\"wpb_wrapper\">\n\t\t\t<p style=\"text-align: center; font-size: 11px; color: black; line-height: 20px; font-family: gotham book; font-weight: 100;\">\u00a9 2023 ALPHA\u00ae<\/p>\n\n\t\t<\/div>\n\t<\/div>\n<\/div><\/div><\/div><\/div>\n<\/div>","protected":false},"excerpt":{"rendered":"Bem-vindos! Como combinado, pedimos que respondam \u00e0s quest\u00f5es abaixo de forma a podermos enviar uma proposta direcionada face ao pretendido. Notem por favor que este formul\u00e1rio \u00e9 um proforma e, como tal, algumas perguntas poder\u00e3o n\u00e3o fazer sentido no vosso contexto. Para al\u00e9m disso, nenhuma pergunta \u00e9 de resposta obrigat\u00f3ria. Pedimos apenas que partilhem connosco&hellip;","protected":false},"author":1,"featured_media":0,"parent":0,"menu_order":0,"comment_status":"closed","ping_status":"closed","template":"","meta":{"footnotes":""},"class_list":["post-7227","page","type-page","status-publish","hentry","entry","no-media"],"_links":{"self":[{"href":"https:\/\/alphabrand.pt\/en\/wp-json\/wp\/v2\/pages\/7227","targetHints":{"allow":["GET"]}}],"collection":[{"href":"https:\/\/alphabrand.pt\/en\/wp-json\/wp\/v2\/pages"}],"about":[{"href":"https:\/\/alphabrand.pt\/en\/wp-json\/wp\/v2\/types\/page"}],"author":[{"embeddable":true,"href":"https:\/\/alphabrand.pt\/en\/wp-json\/wp\/v2\/users\/1"}],"replies":[{"embeddable":true,"href":"https:\/\/alphabrand.pt\/en\/wp-json\/wp\/v2\/comments?post=7227"}],"version-history":[{"count":6,"href":"https:\/\/alphabrand.pt\/en\/wp-json\/wp\/v2\/pages\/7227\/revisions"}],"predecessor-version":[{"id":7376,"href":"https:\/\/alphabrand.pt\/en\/wp-json\/wp\/v2\/pages\/7227\/revisions\/7376"}],"wp:attachment":[{"href":"https:\/\/alphabrand.pt\/en\/wp-json\/wp\/v2\/media?parent=7227"}],"curies":[{"name":"wp","href":"https:\/\/api.w.org\/{rel}","templated":true}]}}